{"id":18,"date":"2023-12-07T12:54:21","date_gmt":"2023-12-07T12:54:21","guid":{"rendered":"https:\/\/web4.rkinformatika.net\/clinicasanzbarbadillo\/?page_id=18"},"modified":"2023-12-13T08:45:54","modified_gmt":"2023-12-13T08:45:54","slug":"contacto","status":"publish","type":"page","link":"https:\/\/clinicasanzbarbadillo.com\/eu\/contacto\/","title":{"rendered":"Kontaktua"},"content":{"rendered":"<div data-elementor-type=\"wp-page\" data-elementor-id=\"18\" class=\"elementor elementor-18\" data-elementor-post-type=\"page\">\n\t\t\t\t\t\t<section class=\"elementor-section elementor-top-section elementor-element elementor-element-eced6d2 elementor-section-height-min-height elementor-section-boxed elementor-section-height-default elementor-section-items-middle\" data-id=\"eced6d2\" data-element_type=\"section\" data-e-type=\"section\" data-settings=\"{&quot;background_background&quot;:&quot;classic&quot;,&quot;shape_divider_bottom&quot;:&quot;mountains&quot;}\">\n\t\t\t\t\t\t\t<div class=\"elementor-background-overlay\"><\/div>\n\t\t\t\t\t\t<div class=\"elementor-shape elementor-shape-bottom\" aria-hidden=\"true\" data-negative=\"false\">\n\t\t\t<svg xmlns=\"http:\/\/www.w3.org\/2000\/svg\" viewbox=\"0 0 1000 100\" preserveaspectratio=\"none\">\n\t<path class=\"elementor-shape-fill\" opacity=\"0.33\" d=\"M473,67.3c-203.9,88.3-263.1-34-320.3,0C66,119.1,0,59.7,0,59.7V0h1000v59.7 c0,0-62.1,26.1-94.9,29.3c-32.8,3.3-62.8-12.3-75.8-22.1C806,49.6,745.3,8.7,694.9,4.7S492.4,59,473,67.3z\"\/>\n\t<path class=\"elementor-shape-fill\" opacity=\"0.66\" d=\"M734,67.3c-45.5,0-77.2-23.2-129.1-39.1c-28.6-8.7-150.3-10.1-254,39.1 s-91.7-34.4-149.2,0C115.7,118.3,0,39.8,0,39.8V0h1000v36.5c0,0-28.2-18.5-92.1-18.5C810.2,18.1,775.7,67.3,734,67.3z\"\/>\n\t<path class=\"elementor-shape-fill\" d=\"M766.1,28.9c-200-57.5-266,65.5-395.1,19.5C242,1.8,242,5.4,184.8,20.6C128,35.8,132.3,44.9,89.9,52.5C28.6,63.7,0,0,0,0 h1000c0,0-9.9,40.9-83.6,48.1S829.6,47,766.1,28.9z\"\/>\n<\/svg>\t\t<\/div>\n\t\t\t\t\t<div class=\"elementor-container elementor-column-gap-default\">\n\t\t\t\t\t<div class=\"elementor-column elementor-col-100 elementor-top-column elementor-element elementor-element-978db7a\" data-id=\"978db7a\" data-element_type=\"column\" data-e-type=\"column\">\n\t\t\t<div class=\"elementor-widget-wrap\">\n\t\t\t\t\t\t\t<\/div>\n\t\t<\/div>\n\t\t\t\t\t<\/div>\n\t\t<\/section>\n\t\t<div class=\"elementor-element elementor-element-8e18c83 e-flex e-con-boxed e-con e-parent\" data-id=\"8e18c83\" data-element_type=\"container\" data-e-type=\"container\">\n\t\t\t\t\t<div class=\"e-con-inner\">\n\t\t\t\t<div class=\"elementor-element elementor-element-c230c57 elementor-widget__width-inherit elementor-invisible elementor-widget elementor-widget-elementskit-heading\" data-id=\"c230c57\" data-element_type=\"widget\" data-e-type=\"widget\" data-settings=\"{&quot;_animation&quot;:&quot;fadeInUp&quot;}\" data-widget_type=\"elementskit-heading.default\">\n\t\t\t\t<div class=\"elementor-widget-container\">\n\t\t\t\t\t<div class=\"ekit-wid-con\" ><div class=\"ekit-heading elementskit-section-title-wraper text_center   ekit_heading_tablet-   ekit_heading_mobile-\"><h2 class=\"ekit-heading--title elementskit-section-title\">P\u00f3ngase en <span><span>contacto<\/span><\/span> con nosotros.<\/h2><\/div><\/div>\t\t\t\t<\/div>\n\t\t\t\t<\/div>\n\t\t\t\t\t<\/div>\n\t\t\t\t<\/div>\n\t\t<div class=\"elementor-element elementor-element-a3e505b e-flex e-con-boxed e-con e-parent\" data-id=\"a3e505b\" data-element_type=\"container\" data-e-type=\"container\">\n\t\t\t\t\t<div class=\"e-con-inner\">\n\t\t<div class=\"elementor-element elementor-element-0860563 e-con-full e-flex e-con e-child\" data-id=\"0860563\" data-element_type=\"container\" data-e-type=\"container\">\n\t\t\t\t<div class=\"elementor-element elementor-element-946ed15 elementor-view-stacked elementor-shape-square elementor-widget elementor-widget-icon\" data-id=\"946ed15\" data-element_type=\"widget\" data-e-type=\"widget\" data-widget_type=\"icon.default\">\n\t\t\t\t<div class=\"elementor-widget-container\">\n\t\t\t\t\t\t\t<div class=\"elementor-icon-wrapper\">\n\t\t\t<div class=\"elementor-icon\">\n\t\t\t<i aria-hidden=\"true\" class=\"icon icon-map-marker1\"><\/i>\t\t\t<\/div>\n\t\t<\/div>\n\t\t\t\t\t\t<\/div>\n\t\t\t\t<\/div>\n\t\t\t\t<div class=\"elementor-element elementor-element-8d99262 elementor-widget elementor-widget-heading\" data-id=\"8d99262\" data-element_type=\"widget\" data-e-type=\"widget\" data-widget_type=\"heading.default\">\n\t\t\t\t<div class=\"elementor-widget-container\">\n\t\t\t\t\t<h2 class=\"elementor-heading-title elementor-size-default\">Localizaci\u00f3n:<\/h2>\t\t\t\t<\/div>\n\t\t\t\t<\/div>\n\t\t\t\t<div class=\"elementor-element elementor-element-0c22e9c elementor-widget elementor-widget-text-editor\" data-id=\"0c22e9c\" data-element_type=\"widget\" data-e-type=\"widget\" data-widget_type=\"text-editor.default\">\n\t\t\t\t<div class=\"elementor-widget-container\">\n\t\t\t\t\t\t\t\t\t<p>Nafarroa Kalea, 7, 48901, Barakaldo, Vizcaya.<\/p>\t\t\t\t\t\t\t\t<\/div>\n\t\t\t\t<\/div>\n\t\t\t\t<\/div>\n\t\t<div class=\"elementor-element elementor-element-5e5425a e-con-full e-flex e-con e-child\" data-id=\"5e5425a\" data-element_type=\"container\" data-e-type=\"container\">\n\t\t\t\t<div class=\"elementor-element elementor-element-71b6b34 elementor-view-stacked elementor-shape-square elementor-widget elementor-widget-icon\" data-id=\"71b6b34\" data-element_type=\"widget\" data-e-type=\"widget\" data-widget_type=\"icon.default\">\n\t\t\t\t<div class=\"elementor-widget-container\">\n\t\t\t\t\t\t\t<div class=\"elementor-icon-wrapper\">\n\t\t\t<div class=\"elementor-icon\">\n\t\t\t<svg aria-hidden=\"true\" class=\"e-font-icon-svg e-fas-phone\" viewbox=\"0 0 512 512\" xmlns=\"http:\/\/www.w3.org\/2000\/svg\"><path d=\"M493.4 24.6l-104-24c-11.3-2.6-22.9 3.3-27.5 13.9l-48 112c-4.2 9.8-1.4 21.3 6.9 28l60.6 49.6c-36 76.7-98.9 140.5-177.2 177.2l-49.6-60.6c-6.8-8.3-18.2-11.1-28-6.9l-112 48C3.9 366.5-2 378.1.6 389.4l24 104C27.1 504.2 36.7 512 48 512c256.1 0 464-207.5 464-464 0-11.2-7.7-20.9-18.6-23.4z\"><\/path><\/svg>\t\t\t<\/div>\n\t\t<\/div>\n\t\t\t\t\t\t<\/div>\n\t\t\t\t<\/div>\n\t\t\t\t<div class=\"elementor-element elementor-element-0bece26 elementor-widget elementor-widget-heading\" data-id=\"0bece26\" data-element_type=\"widget\" data-e-type=\"widget\" data-widget_type=\"heading.default\">\n\t\t\t\t<div class=\"elementor-widget-container\">\n\t\t\t\t\t<h2 class=\"elementor-heading-title elementor-size-default\">Tel\u00e9fono:<\/h2>\t\t\t\t<\/div>\n\t\t\t\t<\/div>\n\t\t\t\t<div class=\"elementor-element elementor-element-209d7a2 elementor-widget elementor-widget-text-editor\" data-id=\"209d7a2\" data-element_type=\"widget\" data-e-type=\"widget\" data-widget_type=\"text-editor.default\">\n\t\t\t\t<div class=\"elementor-widget-container\">\n\t\t\t\t\t\t\t\t\t<p>944 386 725<\/p>\t\t\t\t\t\t\t\t<\/div>\n\t\t\t\t<\/div>\n\t\t\t\t<\/div>\n\t\t<div class=\"elementor-element elementor-element-6f33542 e-con-full e-flex e-con e-child\" data-id=\"6f33542\" data-element_type=\"container\" data-e-type=\"container\">\n\t\t\t\t<div class=\"elementor-element elementor-element-d66b47d elementor-view-stacked elementor-shape-square elementor-widget elementor-widget-icon\" data-id=\"d66b47d\" data-element_type=\"widget\" data-e-type=\"widget\" data-widget_type=\"icon.default\">\n\t\t\t\t<div class=\"elementor-widget-container\">\n\t\t\t\t\t\t\t<div class=\"elementor-icon-wrapper\">\n\t\t\t<div class=\"elementor-icon\">\n\t\t\t<i aria-hidden=\"true\" class=\"icon icon-map-marker1\"><\/i>\t\t\t<\/div>\n\t\t<\/div>\n\t\t\t\t\t\t<\/div>\n\t\t\t\t<\/div>\n\t\t\t\t<div class=\"elementor-element elementor-element-2ce8719 elementor-widget elementor-widget-heading\" data-id=\"2ce8719\" data-element_type=\"widget\" data-e-type=\"widget\" data-widget_type=\"heading.default\">\n\t\t\t\t<div class=\"elementor-widget-container\">\n\t\t\t\t\t<h2 class=\"elementor-heading-title elementor-size-default\">Horarios:<\/h2>\t\t\t\t<\/div>\n\t\t\t\t<\/div>\n\t\t\t\t<div class=\"elementor-element elementor-element-4c34551 elementor-widget elementor-widget-text-editor\" data-id=\"4c34551\" data-element_type=\"widget\" data-e-type=\"widget\" data-widget_type=\"text-editor.default\">\n\t\t\t\t<div class=\"elementor-widget-container\">\n\t\t\t\t\t\t\t\t\t<p>Lunes y martes de 08:00 a 13:30<\/p>\n<p>Mi\u00e9rcoles de 15:30 a 18:30<\/p>\t\t\t\t\t\t\t\t<\/div>\n\t\t\t\t<\/div>\n\t\t\t\t<\/div>\n\t\t\t\t\t<\/div>\n\t\t\t\t<\/div>\n\t\t<div class=\"elementor-element elementor-element-d05ce3a e-flex e-con-boxed e-con e-parent\" data-id=\"d05ce3a\" data-element_type=\"container\" data-e-type=\"container\">\n\t\t\t\t\t<div class=\"e-con-inner\">\n\t\t\t\t<div class=\"elementor-element elementor-element-786f72b elementor-widget elementor-widget-google_maps\" data-id=\"786f72b\" data-element_type=\"widget\" data-e-type=\"widget\" data-widget_type=\"google_maps.default\">\n\t\t\t\t<div class=\"elementor-widget-container\">\n\t\t\t\t\t\t\t<div class=\"elementor-custom-embed\">\n\t\t\t<iframe loading=\"lazy\"\n\t\t\t\t\tsrc=\"https:\/\/maps.google.com\/maps?q=Nafarroa%20Kalea%2C%207%2C%2048901%2C%20Barakaldo%2C%20Vizcaya.&#038;t=m&#038;z=11&#038;output=embed&#038;iwloc=near\"\n\t\t\t\t\ttitle=\"Nafarroa Kalea, 7, 48901, Barakaldo, Vizcaya.\"\n\t\t\t\t\taria-label=\"Nafarroa Kalea, 7, 48901, Barakaldo, Vizcaya.\"\n\t\t\t><\/iframe>\n\t\t<\/div>\n\t\t\t\t\t\t<\/div>\n\t\t\t\t<\/div>\n\t\t\t\t\t<\/div>\n\t\t\t\t<\/div>\n\t\t\t\t<\/div>","protected":false},"excerpt":{"rendered":"<p>P\u00f3ngase en contacto con nosotros. Localizaci\u00f3n: Nafarroa Kalea, 7, 48901, Barakaldo, Vizcaya. Tel\u00e9fono: 944 386 725 Horarios: Lunes y martes de 08:00 a 13:30 Mi\u00e9rcoles de 15:30 a 18:30<\/p>","protected":false},"author":1,"featured_media":0,"parent":0,"menu_order":0,"comment_status":"closed","ping_status":"closed","template":"elementor_canvas","meta":{"footnotes":""},"class_list":["post-18","page","type-page","status-publish","hentry"],"yoast_head":"<!-- This site is optimized with the Yoast SEO plugin v27.5 - https:\/\/yoast.com\/product\/yoast-seo-wordpress\/ -->\n<title>Contacto - Clinica Sanz Barbadillo<\/title>\n<meta name=\"robots\" content=\"index, follow, max-snippet:-1, max-image-preview:large, max-video-preview:-1\" \/>\n<link rel=\"canonical\" href=\"https:\/\/clinicasanzbarbadillo.com\/eu\/contacto\/\" \/>\n<meta property=\"og:locale\" content=\"en_US\" \/>\n<meta property=\"og:type\" content=\"article\" \/>\n<meta property=\"og:title\" content=\"Contacto - Clinica Sanz Barbadillo\" \/>\n<meta property=\"og:description\" content=\"P\u00f3ngase en contacto con nosotros. Localizaci\u00f3n: Nafarroa Kalea, 7, 48901, Barakaldo, Vizcaya. Tel\u00e9fono: 944 386 725 Horarios: Lunes y martes de 08:00 a 13:30 Mi\u00e9rcoles de 15:30 a 18:30\" \/>\n<meta property=\"og:url\" content=\"https:\/\/clinicasanzbarbadillo.com\/eu\/contacto\/\" \/>\n<meta property=\"og:site_name\" content=\"Clinica Sanz Barbadillo\" \/>\n<meta property=\"article:modified_time\" content=\"2023-12-13T08:45:54+00:00\" \/>\n<meta name=\"twitter:card\" content=\"summary_large_image\" \/>\n<meta name=\"twitter:label1\" content=\"Est. reading time\" \/>\n\t<meta name=\"twitter:data1\" content=\"1 minutua\" \/>\n<script type=\"application\/ld+json\" class=\"yoast-schema-graph\">{\"@context\":\"https:\\\/\\\/schema.org\",\"@graph\":[{\"@type\":\"WebPage\",\"@id\":\"https:\\\/\\\/clinicasanzbarbadillo.com\\\/contacto\\\/\",\"url\":\"https:\\\/\\\/clinicasanzbarbadillo.com\\\/contacto\\\/\",\"name\":\"Contacto - Clinica Sanz Barbadillo\",\"isPartOf\":{\"@id\":\"https:\\\/\\\/clinicasanzbarbadillo.com\\\/#website\"},\"datePublished\":\"2023-12-07T12:54:21+00:00\",\"dateModified\":\"2023-12-13T08:45:54+00:00\",\"breadcrumb\":{\"@id\":\"https:\\\/\\\/clinicasanzbarbadillo.com\\\/contacto\\\/#breadcrumb\"},\"inLanguage\":\"eu\",\"potentialAction\":[{\"@type\":\"ReadAction\",\"target\":[\"https:\\\/\\\/clinicasanzbarbadillo.com\\\/contacto\\\/\"]}]},{\"@type\":\"BreadcrumbList\",\"@id\":\"https:\\\/\\\/clinicasanzbarbadillo.com\\\/contacto\\\/#breadcrumb\",\"itemListElement\":[{\"@type\":\"ListItem\",\"position\":1,\"name\":\"Portada\",\"item\":\"https:\\\/\\\/clinicasanzbarbadillo.com\\\/\"},{\"@type\":\"ListItem\",\"position\":2,\"name\":\"Contacto\"}]},{\"@type\":\"WebSite\",\"@id\":\"https:\\\/\\\/clinicasanzbarbadillo.com\\\/#website\",\"url\":\"https:\\\/\\\/clinicasanzbarbadillo.com\\\/\",\"name\":\"Clinica Sanz Barbadillo\",\"description\":\"Centro especializado en el cuidado de la salud visual\",\"publisher\":{\"@id\":\"https:\\\/\\\/clinicasanzbarbadillo.com\\\/#organization\"},\"potentialAction\":[{\"@type\":\"SearchAction\",\"target\":{\"@type\":\"EntryPoint\",\"urlTemplate\":\"https:\\\/\\\/clinicasanzbarbadillo.com\\\/?s={search_term_string}\"},\"query-input\":{\"@type\":\"PropertyValueSpecification\",\"valueRequired\":true,\"valueName\":\"search_term_string\"}}],\"inLanguage\":\"eu\"},{\"@type\":\"Organization\",\"@id\":\"https:\\\/\\\/clinicasanzbarbadillo.com\\\/#organization\",\"name\":\"Clinica Sanz Barbadillo\",\"url\":\"https:\\\/\\\/clinicasanzbarbadillo.com\\\/\",\"logo\":{\"@type\":\"ImageObject\",\"inLanguage\":\"eu\",\"@id\":\"https:\\\/\\\/clinicasanzbarbadillo.com\\\/#\\\/schema\\\/logo\\\/image\\\/\",\"url\":\"https:\\\/\\\/clinicasanzbarbadillo.com\\\/wp-content\\\/uploads\\\/2023\\\/12\\\/cropped-lOGO_Mesa-de-trabajo-1.png\",\"contentUrl\":\"https:\\\/\\\/clinicasanzbarbadillo.com\\\/wp-content\\\/uploads\\\/2023\\\/12\\\/cropped-lOGO_Mesa-de-trabajo-1.png\",\"width\":933,\"height\":229,\"caption\":\"Clinica Sanz Barbadillo\"},\"image\":{\"@id\":\"https:\\\/\\\/clinicasanzbarbadillo.com\\\/#\\\/schema\\\/logo\\\/image\\\/\"}}]}<\/script>\n<!-- \/ Yoast SEO plugin. -->","yoast_head_json":{"title":"Contacto - Clinica Sanz Barbadillo","robots":{"index":"index","follow":"follow","max-snippet":"max-snippet:-1","max-image-preview":"max-image-preview:large","max-video-preview":"max-video-preview:-1"},"canonical":"https:\/\/clinicasanzbarbadillo.com\/eu\/contacto\/","og_locale":"en_US","og_type":"article","og_title":"Contacto - Clinica Sanz Barbadillo","og_description":"P\u00f3ngase en contacto con nosotros. Localizaci\u00f3n: Nafarroa Kalea, 7, 48901, Barakaldo, Vizcaya. Tel\u00e9fono: 944 386 725 Horarios: Lunes y martes de 08:00 a 13:30 Mi\u00e9rcoles de 15:30 a 18:30","og_url":"https:\/\/clinicasanzbarbadillo.com\/eu\/contacto\/","og_site_name":"Clinica Sanz Barbadillo","article_modified_time":"2023-12-13T08:45:54+00:00","twitter_card":"summary_large_image","twitter_misc":{"Est. reading time":"1 minutua"},"schema":{"@context":"https:\/\/schema.org","@graph":[{"@type":"WebPage","@id":"https:\/\/clinicasanzbarbadillo.com\/contacto\/","url":"https:\/\/clinicasanzbarbadillo.com\/contacto\/","name":"Contacto - Clinica Sanz Barbadillo","isPartOf":{"@id":"https:\/\/clinicasanzbarbadillo.com\/#website"},"datePublished":"2023-12-07T12:54:21+00:00","dateModified":"2023-12-13T08:45:54+00:00","breadcrumb":{"@id":"https:\/\/clinicasanzbarbadillo.com\/contacto\/#breadcrumb"},"inLanguage":"eu","potentialAction":[{"@type":"ReadAction","target":["https:\/\/clinicasanzbarbadillo.com\/contacto\/"]}]},{"@type":"BreadcrumbList","@id":"https:\/\/clinicasanzbarbadillo.com\/contacto\/#breadcrumb","itemListElement":[{"@type":"ListItem","position":1,"name":"Portada","item":"https:\/\/clinicasanzbarbadillo.com\/"},{"@type":"ListItem","position":2,"name":"Contacto"}]},{"@type":"WebSite","@id":"https:\/\/clinicasanzbarbadillo.com\/#website","url":"https:\/\/clinicasanzbarbadillo.com\/","name":"Clinica Sanz Barbadillo","description":"Centro especializado en el cuidado de la salud visual","publisher":{"@id":"https:\/\/clinicasanzbarbadillo.com\/#organization"},"potentialAction":[{"@type":"SearchAction","target":{"@type":"EntryPoint","urlTemplate":"https:\/\/clinicasanzbarbadillo.com\/?s={search_term_string}"},"query-input":{"@type":"PropertyValueSpecification","valueRequired":true,"valueName":"search_term_string"}}],"inLanguage":"eu"},{"@type":"Organization","@id":"https:\/\/clinicasanzbarbadillo.com\/#organization","name":"Clinica Sanz Barbadillo","url":"https:\/\/clinicasanzbarbadillo.com\/","logo":{"@type":"ImageObject","inLanguage":"eu","@id":"https:\/\/clinicasanzbarbadillo.com\/#\/schema\/logo\/image\/","url":"https:\/\/clinicasanzbarbadillo.com\/wp-content\/uploads\/2023\/12\/cropped-lOGO_Mesa-de-trabajo-1.png","contentUrl":"https:\/\/clinicasanzbarbadillo.com\/wp-content\/uploads\/2023\/12\/cropped-lOGO_Mesa-de-trabajo-1.png","width":933,"height":229,"caption":"Clinica Sanz Barbadillo"},"image":{"@id":"https:\/\/clinicasanzbarbadillo.com\/#\/schema\/logo\/image\/"}}]}},"_links":{"self":[{"href":"https:\/\/clinicasanzbarbadillo.com\/eu\/wp-json\/wp\/v2\/pages\/18","targetHints":{"allow":["GET"]}}],"collection":[{"href":"https:\/\/clinicasanzbarbadillo.com\/eu\/wp-json\/wp\/v2\/pages"}],"about":[{"href":"https:\/\/clinicasanzbarbadillo.com\/eu\/wp-json\/wp\/v2\/types\/page"}],"author":[{"embeddable":true,"href":"https:\/\/clinicasanzbarbadillo.com\/eu\/wp-json\/wp\/v2\/users\/1"}],"replies":[{"embeddable":true,"href":"https:\/\/clinicasanzbarbadillo.com\/eu\/wp-json\/wp\/v2\/comments?post=18"}],"version-history":[{"count":109,"href":"https:\/\/clinicasanzbarbadillo.com\/eu\/wp-json\/wp\/v2\/pages\/18\/revisions"}],"predecessor-version":[{"id":658,"href":"https:\/\/clinicasanzbarbadillo.com\/eu\/wp-json\/wp\/v2\/pages\/18\/revisions\/658"}],"wp:attachment":[{"href":"https:\/\/clinicasanzbarbadillo.com\/eu\/wp-json\/wp\/v2\/media?parent=18"}],"curies":[{"name":"wp","href":"https:\/\/api.w.org\/{rel}","templated":true}]}}